{"id":266,"date":"2018-05-24T06:28:51","date_gmt":"2018-05-24T06:28:51","guid":{"rendered":"https:\/\/www.inmocasadeexim.com\/cookies-policy\/"},"modified":"2018-07-24T07:07:30","modified_gmt":"2018-07-24T07:07:30","slug":"politica-de-cookies","status":"publish","type":"page","link":"https:\/\/www.inmocasadeexim.com\/es\/politica-de-cookies\/","title":{"rendered":"Politica de Cookies"},"content":{"rendered":"<h3>\u00bfQu\u00e9 son las cookies?<\/h3>\n<p>Una cookie es un fichero que se descarga en su ordenador al acceder a determinadas p\u00e1ginas web. Las cookies permiten a una p\u00e1gina web, entre otras cosas, almacenar y recuperar informaci\u00f3n sobre los h\u00e1bitos de navegaci\u00f3n de un usuario o de su equipo y, dependiendo de la informaci\u00f3n que contengan y de la forma en que utilice su equipo, pueden utilizarse para reconocer al usuario.<\/p>\n<p><strong>\u00bfQu\u00e9 tipos de cookies utiliza esta p\u00e1gina web?<\/strong><br \/>\nCookies de an\u00e1lisis: Son aqu\u00e9llas que bien tratadas por nosotros o por terceros, nos permiten cuantificar el n\u00famero de usuarios y as\u00ed realizar la medici\u00f3n y an\u00e1lisis estad\u00edstico de la utilizaci\u00f3n que hacen los usuarios del servicio ofertado. Para ello se analiza su navegaci\u00f3n en nuestra p\u00e1gina web con el fin de mejorar la oferta de productos o servicios que le ofrecemos.<br \/>\nCookies publicitarias: Son aqu\u00e9llas que, bien tratadas por nosotros o por terceros, nos permiten gestionar de la forma m\u00e1s eficaz posible la oferta de los espacios publicitarios que hay en la p\u00e1gina web, adecuando el contenido del anuncio al contenido del servicio solicitado o al uso que realice de nuestra p\u00e1gina web. Para ello podemos analizar sus h\u00e1bitos de navegaci\u00f3n en Internet y podemos mostrarle publicidad relacionada con su perfil de navegaci\u00f3n.<\/p>\n<h3>Configuraci\u00f3n del navegador<\/h3>\n<p>Puede usted permitir, bloquear o eliminar las cookies instaladas en su equipo mediante la configuraci\u00f3n de las opciones del navegador instalado en su ordenador.<br \/>\nPara m\u00e1s informaci\u00f3n sobre el navegador Google Chrome <a href=\"https:\/\/support.google.com\/chrome\/answer\/95647?hl=es\">pulsa aqu\u00ed<\/a>.<br \/>\nPara m\u00e1s informaci\u00f3n sobre el navegador Firefox <a href=\"https:\/\/support.mozilla.org\/es\/kb\/habilitar-y-deshabilitar-cookies-sitios-web-rastrear-preferencias?redirectlocale=es&amp;redirectslug=habilitar-y-deshabilitar-cookies-que-los-sitios-we\">pulsa aqu\u00ed.<\/a><br \/>\nPara m\u00e1s informaci\u00f3n sobre el navegador Opera <a href=\"http:\/\/help.opera.com\/Windows\/11.50\/es-ES\/cookies.html\">pulsa aqu\u00ed<\/a>.<br \/>\nPara m\u00e1s informaci\u00f3n sobre el navegador Internet Explorer <a href=\"https:\/\/support.microsoft.com\/en-us\/products\/windows?os=windows-10\">pulsa aqu\u00ed.<\/a><br \/>\nPara m\u00e1s informaci\u00f3n sobre el navegador Safari <a href=\"https:\/\/support.apple.com\/kb\/ph5042?locale=es_ES\">pulsa aqu\u00ed.<\/a><\/p>\n<p>En cualquier caso, puedes eliminar todas las cookies de este sitio web <a href=\"https:\/\/www.inmocasadeexim.com\/\">pulsando aqu\u00ed<\/a>.<br \/>\nInmo Casa de Exim se reserva el derecho de modificar la presente pol\u00edtica.<\/p>\n","protected":false},"excerpt":{"rendered":"<p>\u00bfQu\u00e9 son las cookies? Una cookie es un fichero que se descarga en su ordenador al acceder a determinadas p\u00e1ginas web. Las cookies permiten a una p\u00e1gina web, entre otras cosas, almacenar y recuperar informaci\u00f3n sobre los h\u00e1bitos de navegaci\u00f3n de un usuario o de su equipo y, dependiendo de la informaci\u00f3n que contengan y [&hellip;]<\/p>\n","protected":false},"author":1,"featured_media":0,"parent":0,"menu_order":0,"comment_status":"closed","ping_status":"closed","template":"templates\/policy.php","meta":[],"acf":[],"yoast_head":"<!-- This site is optimized with the Yoast SEO plugin v19.4 - https:\/\/yoast.com\/wordpress\/plugins\/seo\/ -->\n<title>Politica de Cookies - Casa de Exim<\/title>\n<meta name=\"robots\" content=\"index, follow, max-snippet:-1, max-image-preview:large, max-video-preview:-1\" \/>\n<link rel=\"canonical\" href=\"https:\/\/www.inmocasadeexim.com\/es\/politica-de-cookies\/\" \/>\n<meta property=\"og:locale\" content=\"es_ES\" \/>\n<meta property=\"og:type\" content=\"article\" \/>\n<meta property=\"og:title\" content=\"Politica de Cookies - Casa de Exim\" \/>\n<meta property=\"og:description\" content=\"\u00bfQu\u00e9 son las cookies? Una cookie es un fichero que se descarga en su ordenador al acceder a determinadas p\u00e1ginas web. Las cookies permiten a una p\u00e1gina web, entre otras cosas, almacenar y recuperar informaci\u00f3n sobre los h\u00e1bitos de navegaci\u00f3n de un usuario o de su equipo y, dependiendo de la informaci\u00f3n que contengan y [&hellip;]\" \/>\n<meta property=\"og:url\" content=\"https:\/\/www.inmocasadeexim.com\/es\/politica-de-cookies\/\" \/>\n<meta property=\"og:site_name\" content=\"Casa de Exim\" \/>\n<meta property=\"article:modified_time\" content=\"2018-07-24T07:07:30+00:00\" \/>\n<meta name=\"twitter:card\" content=\"summary_large_image\" \/>\n<meta name=\"twitter:label1\" content=\"Tiempo de lectura\" \/>\n\t<meta name=\"twitter:data1\" content=\"2 minutos\" \/>\n<script type=\"application\/ld+json\" class=\"yoast-schema-graph\">{\"@context\":\"https:\/\/schema.org\",\"@graph\":[{\"@type\":\"WebSite\",\"@id\":\"https:\/\/www.inmocasadeexim.com\/#website\",\"url\":\"https:\/\/www.inmocasadeexim.com\/\",\"name\":\"Casa de Exim\",\"description\":\"Inmobiliaria en Marbella\",\"potentialAction\":[{\"@type\":\"SearchAction\",\"target\":{\"@type\":\"EntryPoint\",\"urlTemplate\":\"https:\/\/www.inmocasadeexim.com\/?s={search_term_string}\"},\"query-input\":\"required name=search_term_string\"}],\"inLanguage\":\"es\"},{\"@type\":\"WebPage\",\"@id\":\"https:\/\/www.inmocasadeexim.com\/es\/politica-de-cookies\/\",\"url\":\"https:\/\/www.inmocasadeexim.com\/es\/politica-de-cookies\/\",\"name\":\"Politica de Cookies - Casa de Exim\",\"isPartOf\":{\"@id\":\"https:\/\/www.inmocasadeexim.com\/#website\"},\"datePublished\":\"2018-05-24T06:28:51+00:00\",\"dateModified\":\"2018-07-24T07:07:30+00:00\",\"breadcrumb\":{\"@id\":\"https:\/\/www.inmocasadeexim.com\/es\/politica-de-cookies\/#breadcrumb\"},\"inLanguage\":\"es\",\"potentialAction\":[{\"@type\":\"ReadAction\",\"target\":[\"https:\/\/www.inmocasadeexim.com\/es\/politica-de-cookies\/\"]}]},{\"@type\":\"BreadcrumbList\",\"@id\":\"https:\/\/www.inmocasadeexim.com\/es\/politica-de-cookies\/#breadcrumb\",\"itemListElement\":[{\"@type\":\"ListItem\",\"position\":1,\"name\":\"Portada\",\"item\":\"https:\/\/www.inmocasadeexim.com\/es\/\"},{\"@type\":\"ListItem\",\"position\":2,\"name\":\"Politica de Cookies\"}]}]}<\/script>\n<!-- \/ Yoast SEO plugin. -->","yoast_head_json":{"title":"Politica de Cookies - Casa de Exim","robots":{"index":"index","follow":"follow","max-snippet":"max-snippet:-1","max-image-preview":"max-image-preview:large","max-video-preview":"max-video-preview:-1"},"canonical":"https:\/\/www.inmocasadeexim.com\/es\/politica-de-cookies\/","og_locale":"es_ES","og_type":"article","og_title":"Politica de Cookies - Casa de Exim","og_description":"\u00bfQu\u00e9 son las cookies? Una cookie es un fichero que se descarga en su ordenador al acceder a determinadas p\u00e1ginas web. Las cookies permiten a una p\u00e1gina web, entre otras cosas, almacenar y recuperar informaci\u00f3n sobre los h\u00e1bitos de navegaci\u00f3n de un usuario o de su equipo y, dependiendo de la informaci\u00f3n que contengan y [&hellip;]","og_url":"https:\/\/www.inmocasadeexim.com\/es\/politica-de-cookies\/","og_site_name":"Casa de Exim","article_modified_time":"2018-07-24T07:07:30+00:00","twitter_card":"summary_large_image","twitter_misc":{"Tiempo de lectura":"2 minutos"},"schema":{"@context":"https:\/\/schema.org","@graph":[{"@type":"WebSite","@id":"https:\/\/www.inmocasadeexim.com\/#website","url":"https:\/\/www.inmocasadeexim.com\/","name":"Casa de Exim","description":"Inmobiliaria en Marbella","potentialAction":[{"@type":"SearchAction","target":{"@type":"EntryPoint","urlTemplate":"https:\/\/www.inmocasadeexim.com\/?s={search_term_string}"},"query-input":"required name=search_term_string"}],"inLanguage":"es"},{"@type":"WebPage","@id":"https:\/\/www.inmocasadeexim.com\/es\/politica-de-cookies\/","url":"https:\/\/www.inmocasadeexim.com\/es\/politica-de-cookies\/","name":"Politica de Cookies - Casa de Exim","isPartOf":{"@id":"https:\/\/www.inmocasadeexim.com\/#website"},"datePublished":"2018-05-24T06:28:51+00:00","dateModified":"2018-07-24T07:07:30+00:00","breadcrumb":{"@id":"https:\/\/www.inmocasadeexim.com\/es\/politica-de-cookies\/#breadcrumb"},"inLanguage":"es","potentialAction":[{"@type":"ReadAction","target":["https:\/\/www.inmocasadeexim.com\/es\/politica-de-cookies\/"]}]},{"@type":"BreadcrumbList","@id":"https:\/\/www.inmocasadeexim.com\/es\/politica-de-cookies\/#breadcrumb","itemListElement":[{"@type":"ListItem","position":1,"name":"Portada","item":"https:\/\/www.inmocasadeexim.com\/es\/"},{"@type":"ListItem","position":2,"name":"Politica de Cookies"}]}]}},"_links":{"self":[{"href":"https:\/\/www.inmocasadeexim.com\/es\/wp-json\/wp\/v2\/pages\/266"}],"collection":[{"href":"https:\/\/www.inmocasadeexim.com\/es\/wp-json\/wp\/v2\/pages"}],"about":[{"href":"https:\/\/www.inmocasadeexim.com\/es\/wp-json\/wp\/v2\/types\/page"}],"author":[{"embeddable":true,"href":"https:\/\/www.inmocasadeexim.com\/es\/wp-json\/wp\/v2\/users\/1"}],"replies":[{"embeddable":true,"href":"https:\/\/www.inmocasadeexim.com\/es\/wp-json\/wp\/v2\/comments?post=266"}],"version-history":[{"count":4,"href":"https:\/\/www.inmocasadeexim.com\/es\/wp-json\/wp\/v2\/pages\/266\/revisions"}],"predecessor-version":[{"id":531,"href":"https:\/\/www.inmocasadeexim.com\/es\/wp-json\/wp\/v2\/pages\/266\/revisions\/531"}],"wp:attachment":[{"href":"https:\/\/www.inmocasadeexim.com\/es\/wp-json\/wp\/v2\/media?parent=266"}],"curies":[{"name":"wp","href":"https:\/\/api.w.org\/{rel}","templated":true}]}}