{"id":273,"date":"2018-05-24T06:28:36","date_gmt":"2018-05-24T06:28:36","guid":{"rendered":"https:\/\/www.inmocasadeexim.com\/legal-notice\/"},"modified":"2018-07-02T13:04:42","modified_gmt":"2018-07-02T13:04:42","slug":"notas-legales","status":"publish","type":"page","link":"https:\/\/www.inmocasadeexim.com\/es\/notas-legales\/","title":{"rendered":"Aviso Legal"},"content":{"rendered":"<p>Para dar cumplimiento a lo establecido en la Ley 34\/2002 de 11 de Julio, de Servicios de la Sociedad de la Informaci\u00f3n y de Comercio Electr\u00f3nico (LSSICE), a continuaci\u00f3n se indican los datos de informaci\u00f3n general del sitio Web info@inmocasadeexim.com<\/p>\n<p>INMO CASA DE EXIM<br \/>\nCalle Trina De Calahonda 3, 29649 Mijas, M\u00e1laga, Spain<br \/>\nTelefono. (+34) 691221242<br \/>\ne-mail: info@inmocasadeexim.com<\/p>\n<h3>T\u00e9rminos de uso<\/h3>\n<p>El sitio Web es ofrecido con fines informativos para los Usuarios del sitio Web, as\u00ed como para facilitar cualquiera de los servicios proporcionados a trav\u00e9s de info@inmocasadeexim.com (viviendas disponibles para su compra o alquiler, informaci\u00f3n sobre nuestro servicio de intermediaci\u00f3n en la venta de viviendas,..). Inmo Casa de Exim podr\u00e1 dejar de prestar los servicios ofrecidos en este sitio Web, lo que no acarrear\u00e1 ninguna obligaci\u00f3n legal para con el Usuario o terceros.<\/p>\n<h3>Politicia de privacidad<\/h3>\n<p>www.inmocasadeexim.es<br \/>\nEn este dominio se establecer\u00e1 la siguiente \u201cPol\u00edtica de Privacidad\u00bb<br \/>\nInmo Casa de Exim con NIF ____ es administrador del sitio www.inmocasadeexim.com y tiene su domicilio en Calle Trina De Calahonda 3, 29649 Mijas, M\u00e1laga, Spain Tel : 691221242.<br \/>\nDe acuerdo con la legislaci\u00f3n vigente, Inmo Casa de Exim tiene inscritos sus ficheros en la Agencia Espa\u00f1ola de Protecci\u00f3n de Datos, por lo que ha adoptado todas las medidas t\u00e9cnicas y organizativas que han sido necesarias para la total adaptaci\u00f3n de la firma en materia de Protecci\u00f3n de Datos.<br \/>\nInmo Casa de Exim desea garantizar su privacidad cuando utilice nuestros servicios, por eso la declaraci\u00f3n siguiente le informar\u00e1 de nuestra pol\u00edtica de protecci\u00f3n de datos personales y as\u00ed podr\u00e1 decidir voluntariamente en qu\u00e9 grado desea proporcionarlos.<\/p>\n<h3>Correos electr\u00f3nicos<\/h3>\n<p>Los datos de car\u00e1cter personal que pudieran estar contenidos en los correos electr\u00f3nicos recibidos a trav\u00e9s de las direcciones de correo o formularios de contacto que ponemos a su disposici\u00f3n, ser\u00e1n utilizados para ponernos en contacto con usted y contestarle a las cuestiones que pudiera plantearnos a trav\u00e9s de esta v\u00eda. Asimismo, si muestra inter\u00e9s por nuestros servicios de intermediaci\u00f3n inmobiliaria, le incluiremos en nuestra base de datos para proporcionarle la informaci\u00f3n solicitada.<\/p>\n<h3>Tratamiento de Datos de Clientes<\/h3>\n<p>Clausula informativa:<br \/>\nEn nombre de la empresa tratamos la informaci\u00f3n que nos facilita con el fin de prestarles el servicio solicitado y realizar la facturaci\u00f3n del mismo. Los datos proporcionados se conservar\u00e1n mientras se mantenga la relaci\u00f3n comercial o durante los a\u00f1os necesarios para cumplir con las obligaciones legales. Los datos no se ceder\u00e1n a terceros salvo en los casos en que exista una obligaci\u00f3n legal. Usted tiene derecho a obtener confirmaci\u00f3n sobre si en Inmo Casa de Exim estamos tratando sus datos personales por tanto tiene derecho a acceder a sus datos personales, rectificar los datos inexactos o solicitar su supresi\u00f3n cuando los datos ya no sean necesarios.<br \/>\nAsimismo solicito su autorizaci\u00f3n para ofrecerle productos y servicios relacionados con los solicitados y fidelizarle como cliente.<\/p>\n","protected":false},"excerpt":{"rendered":"<p>Para dar cumplimiento a lo establecido en la Ley 34\/2002 de 11 de Julio, de Servicios de la Sociedad de la Informaci\u00f3n y de Comercio Electr\u00f3nico (LSSICE), a continuaci\u00f3n se indican los datos de informaci\u00f3n general del sitio Web info@inmocasadeexim.com INMO CASA DE EXIM Calle Trina De Calahonda 3, 29649 Mijas, M\u00e1laga, Spain Telefono. (+34) [&hellip;]<\/p>\n","protected":false},"author":1,"featured_media":0,"parent":0,"menu_order":0,"comment_status":"closed","ping_status":"closed","template":"templates\/policy.php","meta":[],"acf":[],"yoast_head":"<!-- This site is optimized with the Yoast SEO plugin v19.4 - https:\/\/yoast.com\/wordpress\/plugins\/seo\/ -->\n<title>Aviso Legal - Casa de Exim<\/title>\n<meta name=\"robots\" content=\"index, follow, max-snippet:-1, max-image-preview:large, max-video-preview:-1\" \/>\n<link rel=\"canonical\" href=\"https:\/\/www.inmocasadeexim.com\/es\/notas-legales\/\" \/>\n<meta property=\"og:locale\" content=\"es_ES\" \/>\n<meta property=\"og:type\" content=\"article\" \/>\n<meta property=\"og:title\" content=\"Aviso Legal - Casa de Exim\" \/>\n<meta property=\"og:description\" content=\"Para dar cumplimiento a lo establecido en la Ley 34\/2002 de 11 de Julio, de Servicios de la Sociedad de la Informaci\u00f3n y de Comercio Electr\u00f3nico (LSSICE), a continuaci\u00f3n se indican los datos de informaci\u00f3n general del sitio Web info@inmocasadeexim.com INMO CASA DE EXIM Calle Trina De Calahonda 3, 29649 Mijas, M\u00e1laga, Spain Telefono. (+34) [&hellip;]\" \/>\n<meta property=\"og:url\" content=\"https:\/\/www.inmocasadeexim.com\/es\/notas-legales\/\" \/>\n<meta property=\"og:site_name\" content=\"Casa de Exim\" \/>\n<meta property=\"article:modified_time\" content=\"2018-07-02T13:04:42+00:00\" \/>\n<meta name=\"twitter:card\" content=\"summary_large_image\" \/>\n<meta name=\"twitter:label1\" content=\"Tiempo de lectura\" \/>\n\t<meta name=\"twitter:data1\" content=\"3 minutos\" \/>\n<script type=\"application\/ld+json\" class=\"yoast-schema-graph\">{\"@context\":\"https:\/\/schema.org\",\"@graph\":[{\"@type\":\"WebSite\",\"@id\":\"https:\/\/www.inmocasadeexim.com\/#website\",\"url\":\"https:\/\/www.inmocasadeexim.com\/\",\"name\":\"Casa de Exim\",\"description\":\"Inmobiliaria en Marbella\",\"potentialAction\":[{\"@type\":\"SearchAction\",\"target\":{\"@type\":\"EntryPoint\",\"urlTemplate\":\"https:\/\/www.inmocasadeexim.com\/?s={search_term_string}\"},\"query-input\":\"required name=search_term_string\"}],\"inLanguage\":\"es\"},{\"@type\":\"WebPage\",\"@id\":\"https:\/\/www.inmocasadeexim.com\/es\/notas-legales\/\",\"url\":\"https:\/\/www.inmocasadeexim.com\/es\/notas-legales\/\",\"name\":\"Aviso Legal - Casa de Exim\",\"isPartOf\":{\"@id\":\"https:\/\/www.inmocasadeexim.com\/#website\"},\"datePublished\":\"2018-05-24T06:28:36+00:00\",\"dateModified\":\"2018-07-02T13:04:42+00:00\",\"breadcrumb\":{\"@id\":\"https:\/\/www.inmocasadeexim.com\/es\/notas-legales\/#breadcrumb\"},\"inLanguage\":\"es\",\"potentialAction\":[{\"@type\":\"ReadAction\",\"target\":[\"https:\/\/www.inmocasadeexim.com\/es\/notas-legales\/\"]}]},{\"@type\":\"BreadcrumbList\",\"@id\":\"https:\/\/www.inmocasadeexim.com\/es\/notas-legales\/#breadcrumb\",\"itemListElement\":[{\"@type\":\"ListItem\",\"position\":1,\"name\":\"Portada\",\"item\":\"https:\/\/www.inmocasadeexim.com\/es\/\"},{\"@type\":\"ListItem\",\"position\":2,\"name\":\"Aviso Legal\"}]}]}<\/script>\n<!-- \/ Yoast SEO plugin. -->","yoast_head_json":{"title":"Aviso Legal - Casa de Exim","robots":{"index":"index","follow":"follow","max-snippet":"max-snippet:-1","max-image-preview":"max-image-preview:large","max-video-preview":"max-video-preview:-1"},"canonical":"https:\/\/www.inmocasadeexim.com\/es\/notas-legales\/","og_locale":"es_ES","og_type":"article","og_title":"Aviso Legal - Casa de Exim","og_description":"Para dar cumplimiento a lo establecido en la Ley 34\/2002 de 11 de Julio, de Servicios de la Sociedad de la Informaci\u00f3n y de Comercio Electr\u00f3nico (LSSICE), a continuaci\u00f3n se indican los datos de informaci\u00f3n general del sitio Web info@inmocasadeexim.com INMO CASA DE EXIM Calle Trina De Calahonda 3, 29649 Mijas, M\u00e1laga, Spain Telefono. (+34) [&hellip;]","og_url":"https:\/\/www.inmocasadeexim.com\/es\/notas-legales\/","og_site_name":"Casa de Exim","article_modified_time":"2018-07-02T13:04:42+00:00","twitter_card":"summary_large_image","twitter_misc":{"Tiempo de lectura":"3 minutos"},"schema":{"@context":"https:\/\/schema.org","@graph":[{"@type":"WebSite","@id":"https:\/\/www.inmocasadeexim.com\/#website","url":"https:\/\/www.inmocasadeexim.com\/","name":"Casa de Exim","description":"Inmobiliaria en Marbella","potentialAction":[{"@type":"SearchAction","target":{"@type":"EntryPoint","urlTemplate":"https:\/\/www.inmocasadeexim.com\/?s={search_term_string}"},"query-input":"required name=search_term_string"}],"inLanguage":"es"},{"@type":"WebPage","@id":"https:\/\/www.inmocasadeexim.com\/es\/notas-legales\/","url":"https:\/\/www.inmocasadeexim.com\/es\/notas-legales\/","name":"Aviso Legal - Casa de Exim","isPartOf":{"@id":"https:\/\/www.inmocasadeexim.com\/#website"},"datePublished":"2018-05-24T06:28:36+00:00","dateModified":"2018-07-02T13:04:42+00:00","breadcrumb":{"@id":"https:\/\/www.inmocasadeexim.com\/es\/notas-legales\/#breadcrumb"},"inLanguage":"es","potentialAction":[{"@type":"ReadAction","target":["https:\/\/www.inmocasadeexim.com\/es\/notas-legales\/"]}]},{"@type":"BreadcrumbList","@id":"https:\/\/www.inmocasadeexim.com\/es\/notas-legales\/#breadcrumb","itemListElement":[{"@type":"ListItem","position":1,"name":"Portada","item":"https:\/\/www.inmocasadeexim.com\/es\/"},{"@type":"ListItem","position":2,"name":"Aviso Legal"}]}]}},"_links":{"self":[{"href":"https:\/\/www.inmocasadeexim.com\/es\/wp-json\/wp\/v2\/pages\/273"}],"collection":[{"href":"https:\/\/www.inmocasadeexim.com\/es\/wp-json\/wp\/v2\/pages"}],"about":[{"href":"https:\/\/www.inmocasadeexim.com\/es\/wp-json\/wp\/v2\/types\/page"}],"author":[{"embeddable":true,"href":"https:\/\/www.inmocasadeexim.com\/es\/wp-json\/wp\/v2\/users\/1"}],"replies":[{"embeddable":true,"href":"https:\/\/www.inmocasadeexim.com\/es\/wp-json\/wp\/v2\/comments?post=273"}],"version-history":[{"count":4,"href":"https:\/\/www.inmocasadeexim.com\/es\/wp-json\/wp\/v2\/pages\/273\/revisions"}],"predecessor-version":[{"id":467,"href":"https:\/\/www.inmocasadeexim.com\/es\/wp-json\/wp\/v2\/pages\/273\/revisions\/467"}],"wp:attachment":[{"href":"https:\/\/www.inmocasadeexim.com\/es\/wp-json\/wp\/v2\/media?parent=273"}],"curies":[{"name":"wp","href":"https:\/\/api.w.org\/{rel}","templated":true}]}}