{"id":435,"date":"2018-06-29T09:13:33","date_gmt":"2018-06-29T09:13:33","guid":{"rendered":"https:\/\/www.inmocasadeexim.com\/servicios\/golden-visa\/"},"modified":"2019-01-30T00:32:20","modified_gmt":"2019-01-30T00:32:20","slug":"golden-visa","status":"publish","type":"page","link":"https:\/\/www.inmocasadeexim.com\/es\/servicios\/golden-visa\/","title":{"rendered":"Golden visa"},"content":{"rendered":"<h1><strong>Residencia Oro<br \/>\n<\/strong><\/h1>\n<p>Si se invierten\u00a0 500000 euros \u00a0en un negocio inmobiliario en Espa\u00f1a, se consigue autom\u00e1ticamente la residencia denominada tipo \u00abOro\u00bb<\/p>\n<p>Espa\u00f1a lanz\u00f3 el programa denominado \u00abGolden Visa\u00bb en el a\u00f1o 2013. Con una inversi\u00f3n m\u00ednima de 500.000 euros en el sector inmobiliario puede conseguir su residencia espa\u00f1ola.\u00a0La \u00abGolden\u00bb Visa puede ser renovada cada 2 a\u00f1os. Despu\u00e9s de 5 a\u00f1os puede obtener la residencia permanente, y despues de 10 la ciudadan\u00eda. No es necesario vivir en Espa\u00f1a para conservar y renovar el permiso de residencia.<\/p>\n","protected":false},"excerpt":{"rendered":"<p>Residencia Oro Si se invierten\u00a0 500000 euros \u00a0en un negocio inmobiliario en Espa\u00f1a, se consigue autom\u00e1ticamente la residencia denominada tipo \u00abOro\u00bb Espa\u00f1a lanz\u00f3 el programa denominado \u00abGolden Visa\u00bb en el a\u00f1o 2013. Con una inversi\u00f3n m\u00ednima de 500.000 euros en el sector inmobiliario puede conseguir su residencia espa\u00f1ola.\u00a0La \u00abGolden\u00bb Visa puede ser renovada cada 2 [&hellip;]<\/p>\n","protected":false},"author":1,"featured_media":0,"parent":277,"menu_order":0,"comment_status":"closed","ping_status":"closed","template":"","meta":[],"acf":[],"yoast_head":"<!-- This site is optimized with the Yoast SEO plugin v19.4 - https:\/\/yoast.com\/wordpress\/plugins\/seo\/ -->\n<title>Golden visa - Casa de Exim<\/title>\n<meta name=\"robots\" content=\"index, follow, max-snippet:-1, max-image-preview:large, max-video-preview:-1\" \/>\n<link rel=\"canonical\" href=\"https:\/\/www.inmocasadeexim.com\/es\/servicios\/golden-visa\/\" \/>\n<meta property=\"og:locale\" content=\"es_ES\" \/>\n<meta property=\"og:type\" content=\"article\" \/>\n<meta property=\"og:title\" content=\"Golden visa - Casa de Exim\" \/>\n<meta property=\"og:description\" content=\"Residencia Oro Si se invierten\u00a0 500000 euros \u00a0en un negocio inmobiliario en Espa\u00f1a, se consigue autom\u00e1ticamente la residencia denominada tipo \u00abOro\u00bb Espa\u00f1a lanz\u00f3 el programa denominado \u00abGolden Visa\u00bb en el a\u00f1o 2013. Con una inversi\u00f3n m\u00ednima de 500.000 euros en el sector inmobiliario puede conseguir su residencia espa\u00f1ola.\u00a0La \u00abGolden\u00bb Visa puede ser renovada cada 2 [&hellip;]\" \/>\n<meta property=\"og:url\" content=\"https:\/\/www.inmocasadeexim.com\/es\/servicios\/golden-visa\/\" \/>\n<meta property=\"og:site_name\" content=\"Casa de Exim\" \/>\n<meta property=\"article:modified_time\" content=\"2019-01-30T00:32:20+00:00\" \/>\n<meta name=\"twitter:card\" content=\"summary_large_image\" \/>\n<script type=\"application\/ld+json\" class=\"yoast-schema-graph\">{\"@context\":\"https:\/\/schema.org\",\"@graph\":[{\"@type\":\"WebSite\",\"@id\":\"https:\/\/www.inmocasadeexim.com\/#website\",\"url\":\"https:\/\/www.inmocasadeexim.com\/\",\"name\":\"Casa de Exim\",\"description\":\"Inmobiliaria en Marbella\",\"potentialAction\":[{\"@type\":\"SearchAction\",\"target\":{\"@type\":\"EntryPoint\",\"urlTemplate\":\"https:\/\/www.inmocasadeexim.com\/?s={search_term_string}\"},\"query-input\":\"required name=search_term_string\"}],\"inLanguage\":\"es\"},{\"@type\":\"WebPage\",\"@id\":\"https:\/\/www.inmocasadeexim.com\/es\/servicios\/golden-visa\/\",\"url\":\"https:\/\/www.inmocasadeexim.com\/es\/servicios\/golden-visa\/\",\"name\":\"Golden visa - Casa de Exim\",\"isPartOf\":{\"@id\":\"https:\/\/www.inmocasadeexim.com\/#website\"},\"datePublished\":\"2018-06-29T09:13:33+00:00\",\"dateModified\":\"2019-01-30T00:32:20+00:00\",\"breadcrumb\":{\"@id\":\"https:\/\/www.inmocasadeexim.com\/es\/servicios\/golden-visa\/#breadcrumb\"},\"inLanguage\":\"es\",\"potentialAction\":[{\"@type\":\"ReadAction\",\"target\":[\"https:\/\/www.inmocasadeexim.com\/es\/servicios\/golden-visa\/\"]}]},{\"@type\":\"BreadcrumbList\",\"@id\":\"https:\/\/www.inmocasadeexim.com\/es\/servicios\/golden-visa\/#breadcrumb\",\"itemListElement\":[{\"@type\":\"ListItem\",\"position\":1,\"name\":\"Portada\",\"item\":\"https:\/\/www.inmocasadeexim.com\/es\/\"},{\"@type\":\"ListItem\",\"position\":2,\"name\":\"Servicios\",\"item\":\"https:\/\/www.inmocasadeexim.com\/es\/servicios\/\"},{\"@type\":\"ListItem\",\"position\":3,\"name\":\"Golden visa\"}]}]}<\/script>\n<!-- \/ Yoast SEO plugin. -->","yoast_head_json":{"title":"Golden visa - Casa de Exim","robots":{"index":"index","follow":"follow","max-snippet":"max-snippet:-1","max-image-preview":"max-image-preview:large","max-video-preview":"max-video-preview:-1"},"canonical":"https:\/\/www.inmocasadeexim.com\/es\/servicios\/golden-visa\/","og_locale":"es_ES","og_type":"article","og_title":"Golden visa - Casa de Exim","og_description":"Residencia Oro Si se invierten\u00a0 500000 euros \u00a0en un negocio inmobiliario en Espa\u00f1a, se consigue autom\u00e1ticamente la residencia denominada tipo \u00abOro\u00bb Espa\u00f1a lanz\u00f3 el programa denominado \u00abGolden Visa\u00bb en el a\u00f1o 2013. Con una inversi\u00f3n m\u00ednima de 500.000 euros en el sector inmobiliario puede conseguir su residencia espa\u00f1ola.\u00a0La \u00abGolden\u00bb Visa puede ser renovada cada 2 [&hellip;]","og_url":"https:\/\/www.inmocasadeexim.com\/es\/servicios\/golden-visa\/","og_site_name":"Casa de Exim","article_modified_time":"2019-01-30T00:32:20+00:00","twitter_card":"summary_large_image","schema":{"@context":"https:\/\/schema.org","@graph":[{"@type":"WebSite","@id":"https:\/\/www.inmocasadeexim.com\/#website","url":"https:\/\/www.inmocasadeexim.com\/","name":"Casa de Exim","description":"Inmobiliaria en Marbella","potentialAction":[{"@type":"SearchAction","target":{"@type":"EntryPoint","urlTemplate":"https:\/\/www.inmocasadeexim.com\/?s={search_term_string}"},"query-input":"required name=search_term_string"}],"inLanguage":"es"},{"@type":"WebPage","@id":"https:\/\/www.inmocasadeexim.com\/es\/servicios\/golden-visa\/","url":"https:\/\/www.inmocasadeexim.com\/es\/servicios\/golden-visa\/","name":"Golden visa - Casa de Exim","isPartOf":{"@id":"https:\/\/www.inmocasadeexim.com\/#website"},"datePublished":"2018-06-29T09:13:33+00:00","dateModified":"2019-01-30T00:32:20+00:00","breadcrumb":{"@id":"https:\/\/www.inmocasadeexim.com\/es\/servicios\/golden-visa\/#breadcrumb"},"inLanguage":"es","potentialAction":[{"@type":"ReadAction","target":["https:\/\/www.inmocasadeexim.com\/es\/servicios\/golden-visa\/"]}]},{"@type":"BreadcrumbList","@id":"https:\/\/www.inmocasadeexim.com\/es\/servicios\/golden-visa\/#breadcrumb","itemListElement":[{"@type":"ListItem","position":1,"name":"Portada","item":"https:\/\/www.inmocasadeexim.com\/es\/"},{"@type":"ListItem","position":2,"name":"Servicios","item":"https:\/\/www.inmocasadeexim.com\/es\/servicios\/"},{"@type":"ListItem","position":3,"name":"Golden visa"}]}]}},"_links":{"self":[{"href":"https:\/\/www.inmocasadeexim.com\/es\/wp-json\/wp\/v2\/pages\/435"}],"collection":[{"href":"https:\/\/www.inmocasadeexim.com\/es\/wp-json\/wp\/v2\/pages"}],"about":[{"href":"https:\/\/www.inmocasadeexim.com\/es\/wp-json\/wp\/v2\/types\/page"}],"author":[{"embeddable":true,"href":"https:\/\/www.inmocasadeexim.com\/es\/wp-json\/wp\/v2\/users\/1"}],"replies":[{"embeddable":true,"href":"https:\/\/www.inmocasadeexim.com\/es\/wp-json\/wp\/v2\/comments?post=435"}],"version-history":[{"count":4,"href":"https:\/\/www.inmocasadeexim.com\/es\/wp-json\/wp\/v2\/pages\/435\/revisions"}],"predecessor-version":[{"id":609,"href":"https:\/\/www.inmocasadeexim.com\/es\/wp-json\/wp\/v2\/pages\/435\/revisions\/609"}],"up":[{"embeddable":true,"href":"https:\/\/www.inmocasadeexim.com\/es\/wp-json\/wp\/v2\/pages\/277"}],"wp:attachment":[{"href":"https:\/\/www.inmocasadeexim.com\/es\/wp-json\/wp\/v2\/media?parent=435"}],"curies":[{"name":"wp","href":"https:\/\/api.w.org\/{rel}","templated":true}]}}